{"id":9046,"date":"2025-10-27T12:56:25","date_gmt":"2025-10-27T12:56:25","guid":{"rendered":"https:\/\/www.mahloran.ae\/notre-heritage\/"},"modified":"2025-12-06T08:17:08","modified_gmt":"2025-12-06T08:17:08","slug":"notre-heritage","status":"publish","type":"page","link":"https:\/\/www.mahloran.ae\/fr\/notre-heritage\/","title":{"rendered":"Notre h\u00e9ritage"},"content":{"rendered":"\t\t<div data-elementor-type=\"wp-page\" data-elementor-id=\"9046\" class=\"elementor elementor-9046\" data-elementor-post-type=\"page\">\n\t\t\t\t<div class=\"elementor-element elementor-element-2df770b e-flex e-con-boxed e-con e-parent\" data-id=\"2df770b\" data-element_type=\"container\" data-settings=\"{&quot;wcf_enable_cursor_hover_effect_text&quot;:&quot;View&quot;,&quot;wcf-animation&quot;:&quot;none&quot;}\">\n\t\t\t\t\t<div class=\"e-con-inner\">\n\t\t<div class=\"elementor-element elementor-element-cd1dcf3 e-con-full e-flex e-con e-child\" data-id=\"cd1dcf3\" data-element_type=\"container\" data-settings=\"{&quot;wcf_enable_cursor_hover_effect_text&quot;:&quot;View&quot;,&quot;wcf-animation&quot;:&quot;none&quot;}\">\n\t\t<div class=\"elementor-element elementor-element-91df9ee e-con-full e-flex e-con e-child\" data-id=\"91df9ee\" data-element_type=\"container\" data-settings=\"{&quot;wcf_enable_cursor_hover_effect_text&quot;:&quot;View&quot;,&quot;wcf-animation&quot;:&quot;none&quot;}\">\n\t\t\t\t<div class=\"elementor-element elementor-element-cad103c elementor-widget elementor-widget-wcf--button\" data-id=\"cad103c\" data-element_type=\"widget\" data-settings=\"{&quot;wcf-animation&quot;:&quot;fade&quot;,&quot;wcf_enable_animation_editor&quot;:&quot;yes&quot;,&quot;fade-offset&quot;:30,&quot;aae_method&quot;:&quot;from&quot;,&quot;aae_trigger&quot;:&quot;on_scroll&quot;,&quot;delay&quot;:0.15,&quot;fade-from&quot;:&quot;bottom&quot;,&quot;data-duration&quot;:1.5,&quot;ease&quot;:&quot;power2.out&quot;}\" data-widget_type=\"wcf--button.default\">\n\t\t\t\t<div class=\"elementor-widget-container\">\n\t\t\t\t\t        <div class=\"wcf__btn\">\r\n\t\t\t                <a href=\"#\" class=\"wcf-btn-default btn-parallal-border\">\r\n\t\t\t\t\t\t\t\t\t\tCe qui a fa\u00e7onn\u00e9 l'h\u00e9ritage Mahloran                <\/a>\r\n\t\t\t\t        <\/div>\r\n\t\t\t\t\t\t<\/div>\n\t\t\t\t<\/div>\n\t\t\t\t<\/div>\n\t\t<div class=\"elementor-element elementor-element-22e825b e-con-full e-flex e-con e-child\" data-id=\"22e825b\" data-element_type=\"container\" data-settings=\"{&quot;wcf_enable_cursor_hover_effect_text&quot;:&quot;View&quot;,&quot;wcf-animation&quot;:&quot;none&quot;}\">\n\t\t\t\t<div class=\"elementor-element elementor-element-6de2c76 wcf-t-animation-text_reveal elementor-widget elementor-widget-wcf--title\" data-id=\"6de2c76\" data-element_type=\"widget\" data-settings=\"{&quot;wcf_text_animation&quot;:&quot;text_reveal&quot;,&quot;text_delay&quot;:0.15,&quot;text_duration&quot;:1,&quot;text_stagger&quot;:0.02,&quot;text_on_scroll&quot;:&quot;yes&quot;,&quot;wcf-animation&quot;:&quot;none&quot;}\" data-widget_type=\"wcf--title.default\">\n\t\t\t\t<div class=\"elementor-widget-container\">\n\t\t\t\t\t<h2 class=\"wcf--title\">Notre h\u00e9ritage<\/h2>\t\t\t\t<\/div>\n\t\t\t\t<\/div>\n\t\t\t\t<div class=\"elementor-element elementor-element-f7403bf elementor-widget__width-initial wcf-t-animation-none elementor-widget elementor-widget-wcf--text\" data-id=\"f7403bf\" data-element_type=\"widget\" data-settings=\"{&quot;wcf-animation&quot;:&quot;fade&quot;,&quot;wcf_text_animation&quot;:&quot;none&quot;,&quot;aae_method&quot;:&quot;from&quot;,&quot;aae_trigger&quot;:&quot;on_scroll&quot;,&quot;delay&quot;:0.15,&quot;fade-from&quot;:&quot;bottom&quot;,&quot;data-duration&quot;:1.5,&quot;ease&quot;:&quot;power2.out&quot;,&quot;fade-offset&quot;:50}\" data-widget_type=\"wcf--text.default\">\n\t\t\t\t<div class=\"elementor-widget-container\">\n\t\t\t\t\t<div class=\"wcf--text\"><p>Depuis plus de 104 ans, Mahloran r\u00e9unit expertise, innovation et service de confiance en un seul lieu et sous une m\u00eame banni\u00e8re.<\/p><\/div>\t\t\t\t<\/div>\n\t\t\t\t<\/div>\n\t\t\t\t<\/div>\n\t\t\t\t<\/div>\n\t\t\t\t\t<\/div>\n\t\t\t\t<\/div>\n\t\t<div class=\"elementor-element elementor-element-e450c80 e-con-full e-flex e-con e-parent\" data-id=\"e450c80\" data-element_type=\"container\" data-settings=\"{&quot;wcf_enable_cursor_hover_effect_text&quot;:&quot;View&quot;,&quot;background_background&quot;:&quot;classic&quot;,&quot;wcf-animation&quot;:&quot;none&quot;}\">\n\t\t\t\t<div data-speed=\"0.9\" class=\"elementor-element elementor-element-11f116f elementor-widget elementor-widget-wcf--image\" data-id=\"11f116f\" data-element_type=\"widget\" data-settings=\"{&quot;wcf-image-animation&quot;:&quot;none&quot;,&quot;wcf-animation&quot;:&quot;none&quot;}\" data-widget_type=\"wcf--image.default\">\n\t\t\t\t<div class=\"elementor-widget-container\">\n\t\t\t\t\t        <div class=\"wcf--image\">\r\n\t\t\t\t\t\t\t<img fetchpriority=\"high\" decoding=\"async\" width=\"1950\" height=\"952\" src=\"https:\/\/www.mahloran.ae\/wp-content\/uploads\/2025\/10\/Untitled-2.png\" class=\"attachment-full size-full wp-image-7287\" alt=\"\" srcset=\"https:\/\/www.mahloran.ae\/wp-content\/uploads\/2025\/10\/Untitled-2.png 1950w, https:\/\/www.mahloran.ae\/wp-content\/uploads\/2025\/10\/Untitled-2-300x146.png 300w, https:\/\/www.mahloran.ae\/wp-content\/uploads\/2025\/10\/Untitled-2-1024x500.png 1024w, https:\/\/www.mahloran.ae\/wp-content\/uploads\/2025\/10\/Untitled-2-768x375.png 768w, https:\/\/www.mahloran.ae\/wp-content\/uploads\/2025\/10\/Untitled-2-1536x750.png 1536w\" sizes=\"(max-width: 1950px) 100vw, 1950px\" \/>\t\t\t\t        <\/div>\r\n\t\t\t\t\t\t<\/div>\n\t\t\t\t<\/div>\n\t\t\t\t<\/div>\n\t\t<div class=\"elementor-element elementor-element-6f2d54d e-flex e-con-boxed e-con e-parent\" data-id=\"6f2d54d\" data-element_type=\"container\" data-settings=\"{&quot;wcf_enable_cursor_hover_effect_text&quot;:&quot;View&quot;,&quot;wcf-animation&quot;:&quot;none&quot;}\">\n\t\t\t\t\t<div class=\"e-con-inner\">\n\t\t<div class=\"elementor-element elementor-element-97dbc7e e-con-full e-flex e-con e-child\" data-id=\"97dbc7e\" data-element_type=\"container\" data-settings=\"{&quot;wcf_enable_cursor_hover_effect_text&quot;:&quot;View&quot;,&quot;wcf-animation&quot;:&quot;none&quot;}\">\n\t\t<div class=\"elementor-element elementor-element-c7d9b00 e-con-full e-flex e-con e-child\" data-id=\"c7d9b00\" data-element_type=\"container\" data-settings=\"{&quot;wcf_enable_cursor_hover_effect_text&quot;:&quot;View&quot;,&quot;wcf-animation&quot;:&quot;none&quot;}\">\n\t\t\t\t<div class=\"elementor-element elementor-element-b5b2c93 elementor-widget__width-initial wcf-t-animation-none elementor-widget elementor-widget-wcf--text\" data-id=\"b5b2c93\" data-element_type=\"widget\" data-settings=\"{&quot;wcf-animation&quot;:&quot;fade&quot;,&quot;wcf_text_animation&quot;:&quot;none&quot;,&quot;aae_method&quot;:&quot;from&quot;,&quot;aae_trigger&quot;:&quot;on_scroll&quot;,&quot;delay&quot;:0.15,&quot;fade-from&quot;:&quot;bottom&quot;,&quot;data-duration&quot;:1.5,&quot;ease&quot;:&quot;power2.out&quot;,&quot;fade-offset&quot;:50}\" data-widget_type=\"wcf--text.default\">\n\t\t\t\t<div class=\"elementor-widget-container\">\n\t\t\t\t\t<div class=\"wcf--text\"><p>L\u2019histoire de Mahloran remonte \u00e0 1881, lorsque l\u2019entreprise devint le plus grand fabricant de bougies d\u2019Iran, distribuant ses produits sous la marque \u00abShamaei\u00bb jusqu\u2019en 1906. Cette \u00e9tape marqua le d\u00e9but d\u2019une tradition d\u2019artisanat et de qualit\u00e9 qui fa\u00e7onna l\u2019industrie iranienne de la bougie. Dans les ann\u00e9es 1920, Mahloran cr\u00e9a le premier atelier de fabrication de savon d\u2019Iran, important des machines modernes de l\u2019Union sovi\u00e9tique et obtenant la premi\u00e8re licence officielle de fabrication de savon sous le nom commercial \u00abHaghighat Shamaei\u00bb.<\/p><\/div>\t\t\t\t<\/div>\n\t\t\t\t<\/div>\n\t\t\t\t<\/div>\n\t\t<div class=\"elementor-element elementor-element-81287f0 e-con-full e-flex e-con e-child\" data-id=\"81287f0\" data-element_type=\"container\" data-settings=\"{&quot;wcf_enable_cursor_hover_effect_text&quot;:&quot;View&quot;,&quot;wcf-animation&quot;:&quot;none&quot;}\">\n\t\t\t\t<div data-speed=\"0.9\" class=\"elementor-element elementor-element-67a2a25 elementor-widget elementor-widget-wcf--image\" data-id=\"67a2a25\" data-element_type=\"widget\" data-settings=\"{&quot;wcf-image-animation&quot;:&quot;none&quot;,&quot;wcf-animation&quot;:&quot;none&quot;}\" data-widget_type=\"wcf--image.default\">\n\t\t\t\t<div class=\"elementor-widget-container\">\n\t\t\t\t\t        <div class=\"wcf--image\">\r\n\t\t\t\t\t\t\t<img decoding=\"async\" width=\"2080\" height=\"1428\" src=\"https:\/\/www.mahloran.ae\/wp-content\/uploads\/2025\/10\/history-1.webp\" class=\"attachment-full size-full wp-image-7264\" alt=\"\" srcset=\"https:\/\/www.mahloran.ae\/wp-content\/uploads\/2025\/10\/history-1.webp 2080w, https:\/\/www.mahloran.ae\/wp-content\/uploads\/2025\/10\/history-1-300x206.webp 300w, https:\/\/www.mahloran.ae\/wp-content\/uploads\/2025\/10\/history-1-1024x703.webp 1024w, https:\/\/www.mahloran.ae\/wp-content\/uploads\/2025\/10\/history-1-768x527.webp 768w, https:\/\/www.mahloran.ae\/wp-content\/uploads\/2025\/10\/history-1-1536x1055.webp 1536w, https:\/\/www.mahloran.ae\/wp-content\/uploads\/2025\/10\/history-1-2048x1406.webp 2048w\" sizes=\"(max-width: 2080px) 100vw, 2080px\" \/>\t\t\t\t        <\/div>\r\n\t\t\t\t\t\t<\/div>\n\t\t\t\t<\/div>\n\t\t\t\t<\/div>\n\t\t\t\t<\/div>\n\t\t<div class=\"elementor-element elementor-element-0475cae e-con-full e-flex e-con e-child\" data-id=\"0475cae\" data-element_type=\"container\" data-settings=\"{&quot;wcf_enable_cursor_hover_effect_text&quot;:&quot;View&quot;,&quot;wcf-animation&quot;:&quot;none&quot;}\">\n\t\t<div class=\"elementor-element elementor-element-cd7d3c1 e-con-full e-flex e-con e-child\" data-id=\"cd7d3c1\" data-element_type=\"container\" data-settings=\"{&quot;wcf_enable_cursor_hover_effect_text&quot;:&quot;View&quot;,&quot;wcf-animation&quot;:&quot;none&quot;}\">\n\t\t\t\t<div data-speed=\"0.9\" class=\"elementor-element elementor-element-fa7f752 elementor-widget elementor-widget-wcf--image\" data-id=\"fa7f752\" data-element_type=\"widget\" data-settings=\"{&quot;wcf-image-animation&quot;:&quot;none&quot;,&quot;wcf-animation&quot;:&quot;none&quot;}\" data-widget_type=\"wcf--image.default\">\n\t\t\t\t<div class=\"elementor-widget-container\">\n\t\t\t\t\t        <div class=\"wcf--image\">\r\n\t\t\t\t\t\t\t<img decoding=\"async\" width=\"1021\" height=\"759\" src=\"https:\/\/www.mahloran.ae\/wp-content\/uploads\/2025\/10\/history-2.webp\" class=\"attachment-full size-full wp-image-7265\" alt=\"\" srcset=\"https:\/\/www.mahloran.ae\/wp-content\/uploads\/2025\/10\/history-2.webp 1021w, https:\/\/www.mahloran.ae\/wp-content\/uploads\/2025\/10\/history-2-300x223.webp 300w, https:\/\/www.mahloran.ae\/wp-content\/uploads\/2025\/10\/history-2-768x571.webp 768w\" sizes=\"(max-width: 1021px) 100vw, 1021px\" \/>\t\t\t\t        <\/div>\r\n\t\t\t\t\t\t<\/div>\n\t\t\t\t<\/div>\n\t\t\t\t<\/div>\n\t\t<div class=\"elementor-element elementor-element-dda9574 e-con-full e-flex e-con e-child\" data-id=\"dda9574\" data-element_type=\"container\" data-settings=\"{&quot;wcf_enable_cursor_hover_effect_text&quot;:&quot;View&quot;,&quot;wcf-animation&quot;:&quot;none&quot;}\">\n\t\t\t\t<div class=\"elementor-element elementor-element-aabb045 elementor-widget__width-initial wcf-t-animation-none elementor-widget elementor-widget-wcf--text\" data-id=\"aabb045\" data-element_type=\"widget\" data-settings=\"{&quot;wcf-animation&quot;:&quot;fade&quot;,&quot;wcf_text_animation&quot;:&quot;none&quot;,&quot;aae_method&quot;:&quot;from&quot;,&quot;aae_trigger&quot;:&quot;on_scroll&quot;,&quot;delay&quot;:0.15,&quot;fade-from&quot;:&quot;bottom&quot;,&quot;data-duration&quot;:1.5,&quot;ease&quot;:&quot;power2.out&quot;,&quot;fade-offset&quot;:50}\" data-widget_type=\"wcf--text.default\">\n\t\t\t\t<div class=\"elementor-widget-container\">\n\t\t\t\t\t<div class=\"wcf--text\"><p>Poursuivant son expansion, l\u2019usine Elahi fut fond\u00e9e, introduisant des technologies de production avanc\u00e9es, am\u00e9liorant la qualit\u00e9 des produits et favorisant des collaborations avec de grandes entreprises am\u00e9ricaines.<\/p><p>Ce progr\u00e8s mena au lancement de \u201cShamiz\u201d, la premi\u00e8re gamme iranienne de soins pour b\u00e9b\u00e9s, proposant des savons et produits sp\u00e9cialement con\u00e7us pour les enfants.<\/p><\/div>\t\t\t\t<\/div>\n\t\t\t\t<\/div>\n\t\t\t\t<\/div>\n\t\t\t\t<\/div>\n\t\t<div class=\"elementor-element elementor-element-885bf4a e-con-full e-flex e-con e-child\" data-id=\"885bf4a\" data-element_type=\"container\" data-settings=\"{&quot;wcf_enable_cursor_hover_effect_text&quot;:&quot;View&quot;,&quot;wcf-animation&quot;:&quot;none&quot;}\">\n\t\t<div class=\"elementor-element elementor-element-3cb838d e-con-full e-flex e-con e-child\" data-id=\"3cb838d\" data-element_type=\"container\" data-settings=\"{&quot;wcf_enable_cursor_hover_effect_text&quot;:&quot;View&quot;,&quot;wcf-animation&quot;:&quot;none&quot;}\">\n\t\t\t\t<div data-speed=\"0.9\" class=\"elementor-element elementor-element-ac1a1ad elementor-widget elementor-widget-wcf--image\" data-id=\"ac1a1ad\" data-element_type=\"widget\" data-settings=\"{&quot;wcf-image-animation&quot;:&quot;none&quot;,&quot;wcf-animation&quot;:&quot;none&quot;}\" data-widget_type=\"wcf--image.default\">\n\t\t\t\t<div class=\"elementor-widget-container\">\n\t\t\t\t\t        <div class=\"wcf--image\">\r\n\t\t\t\t\t\t\t<img loading=\"lazy\" decoding=\"async\" width=\"1080\" height=\"1080\" src=\"https:\/\/www.mahloran.ae\/wp-content\/uploads\/2025\/10\/history-3.webp\" class=\"attachment-full size-full wp-image-7266\" alt=\"\" srcset=\"https:\/\/www.mahloran.ae\/wp-content\/uploads\/2025\/10\/history-3.webp 1080w, https:\/\/www.mahloran.ae\/wp-content\/uploads\/2025\/10\/history-3-300x300.webp 300w, https:\/\/www.mahloran.ae\/wp-content\/uploads\/2025\/10\/history-3-1024x1024.webp 1024w, https:\/\/www.mahloran.ae\/wp-content\/uploads\/2025\/10\/history-3-150x150.webp 150w, https:\/\/www.mahloran.ae\/wp-content\/uploads\/2025\/10\/history-3-768x768.webp 768w\" sizes=\"(max-width: 1080px) 100vw, 1080px\" \/>\t\t\t\t        <\/div>\r\n\t\t\t\t\t\t<\/div>\n\t\t\t\t<\/div>\n\t\t\t\t<\/div>\n\t\t<div class=\"elementor-element elementor-element-bf37bc4 e-con-full e-flex e-con e-child\" data-id=\"bf37bc4\" data-element_type=\"container\" data-settings=\"{&quot;wcf_enable_cursor_hover_effect_text&quot;:&quot;View&quot;,&quot;wcf-animation&quot;:&quot;none&quot;}\">\n\t\t\t\t<div class=\"elementor-element elementor-element-f15a44f elementor-widget__width-initial wcf-t-animation-none elementor-widget elementor-widget-wcf--text\" data-id=\"f15a44f\" data-element_type=\"widget\" data-settings=\"{&quot;wcf-animation&quot;:&quot;fade&quot;,&quot;wcf_text_animation&quot;:&quot;none&quot;,&quot;aae_method&quot;:&quot;from&quot;,&quot;aae_trigger&quot;:&quot;on_scroll&quot;,&quot;delay&quot;:0.15,&quot;fade-from&quot;:&quot;bottom&quot;,&quot;data-duration&quot;:1.5,&quot;ease&quot;:&quot;power2.out&quot;,&quot;fade-offset&quot;:50}\" data-widget_type=\"wcf--text.default\">\n\t\t\t\t<div class=\"elementor-widget-container\">\n\t\t\t\t\t<div class=\"wcf--text\"><p>La cr\u00e9ation de la soci\u00e9t\u00e9 Mahloran en 1994 marqua une nouvelle \u00e8re: \u00e9quip\u00e9e de machines italiennes modernes, elle se consacra \u00e0 la production d\u2019une vaste gamme de produits cosm\u00e9tiques et de soins personnels. Mahloran obtint rapidement une reconnaissance internationale, recevant la prestigieuse certification de qualit\u00e9 \u201cSwiss Fine Cosmetic\u201d (licences n\u00b0 1904 et 1905). Au cours des sept ann\u00e9es suivantes, l\u2019entreprise exporta vers 18 pays et re\u00e7ut le prix du \u00abMeilleur PDG du pays\u00bb d\u00e9cern\u00e9 par les Nations Unies.<\/p><\/div>\t\t\t\t<\/div>\n\t\t\t\t<\/div>\n\t\t\t\t<div class=\"elementor-element elementor-element-1427ecb elementor-widget__width-initial wcf-t-animation-none elementor-widget elementor-widget-wcf--text\" data-id=\"1427ecb\" data-element_type=\"widget\" data-settings=\"{&quot;wcf-animation&quot;:&quot;fade&quot;,&quot;wcf_text_animation&quot;:&quot;none&quot;,&quot;aae_method&quot;:&quot;from&quot;,&quot;aae_trigger&quot;:&quot;on_scroll&quot;,&quot;delay&quot;:0.15,&quot;fade-from&quot;:&quot;bottom&quot;,&quot;data-duration&quot;:1.5,&quot;ease&quot;:&quot;power2.out&quot;,&quot;fade-offset&quot;:50}\" data-widget_type=\"wcf--text.default\">\n\t\t\t\t<div class=\"elementor-widget-container\">\n\t\t\t\t\t<div class=\"wcf--text\"><p>Dans sa qu\u00eate continue d\u2019innovation, Mahloran fonda \u201cPharmasan Sina Pharmaceutical Company\u201d, sp\u00e9cialis\u00e9e dans les formulations dermatologiques, capillaires et pharmaceutiques compos\u00e9es. Plus r\u00e9cemment, le groupe s\u2019est diversifi\u00e9 avec la cr\u00e9ation d\u2019 \u201cArman Tadbir Atlas Company\u201d, op\u00e9rant sous la marque \u201cLia team\u201d, active dans les soins de la peau, les cosm\u00e9tiques et les produits de soin personnel, reposant sur un mod\u00e8le de vente directe qui valorise les individus et rapproche la beaut\u00e9 haut de gamme des consommateurs.<\/p><\/div>\t\t\t\t<\/div>\n\t\t\t\t<\/div>\n\t\t\t\t<\/div>\n\t\t\t\t<\/div>\n\t\t<div class=\"elementor-element elementor-element-3fe29ca e-con-full e-flex e-con e-child\" data-id=\"3fe29ca\" data-element_type=\"container\" data-settings=\"{&quot;wcf_enable_cursor_hover_effect_text&quot;:&quot;View&quot;,&quot;wcf-animation&quot;:&quot;none&quot;}\">\n\t\t<div class=\"elementor-element elementor-element-2df8f91 e-con-full e-flex e-con e-child\" data-id=\"2df8f91\" data-element_type=\"container\" data-settings=\"{&quot;wcf_enable_cursor_hover_effect_text&quot;:&quot;View&quot;,&quot;wcf-animation&quot;:&quot;none&quot;}\">\n\t\t\t\t<div class=\"elementor-element elementor-element-3a41306 elementor-widget__width-auto elementor-widget-tablet__width-auto wcf-t-animation-none elementor-widget elementor-widget-wcf--text\" data-id=\"3a41306\" data-element_type=\"widget\" data-settings=\"{&quot;wcf-animation&quot;:&quot;fade&quot;,&quot;wcf_text_animation&quot;:&quot;none&quot;,&quot;aae_method&quot;:&quot;from&quot;,&quot;aae_trigger&quot;:&quot;on_scroll&quot;,&quot;delay&quot;:0.15,&quot;fade-from&quot;:&quot;bottom&quot;,&quot;data-duration&quot;:1.5,&quot;ease&quot;:&quot;power2.out&quot;,&quot;fade-offset&quot;:50}\" data-widget_type=\"wcf--text.default\">\n\t\t\t\t<div class=\"elementor-widget-container\">\n\t\t\t\t\t<div class=\"wcf--text\"><p>Aujourd\u2019hui, Mahloran s\u2019impose comme une force pionni\u00e8re dans les secteurs des cosm\u00e9tiques, des soins de la peau et de l\u2019hygi\u00e8ne, r\u00e9pondant fi\u00e8rement aux normes internationales tout en restant profond\u00e9ment enracin\u00e9e dans son h\u00e9ritage culturel. Plus qu\u2019un fabricant, Mahloran cr\u00e9e des marques qui refl\u00e8tent les valeurs, le mode de vie et les aspirations de sa communaut\u00e9: des marques qui r\u00e9pondent \u00e0 de v\u00e9ritables besoins, offrent des r\u00e9sultats concrets et incarnent l\u2019esprit de la beaut\u00e9 iranienne.<\/p><\/div>\t\t\t\t<\/div>\n\t\t\t\t<\/div>\n\t\t\t\t<\/div>\n\t\t<div class=\"elementor-element elementor-element-2a56dd0 e-con-full e-flex e-con e-child\" data-id=\"2a56dd0\" data-element_type=\"container\" data-settings=\"{&quot;wcf_enable_cursor_hover_effect_text&quot;:&quot;View&quot;,&quot;wcf-animation&quot;:&quot;none&quot;}\">\n\t\t<div class=\"elementor-element elementor-element-ab55996 e-con-full e-flex e-con e-child\" data-id=\"ab55996\" data-element_type=\"container\" data-settings=\"{&quot;wcf_enable_cursor_hover_effect_text&quot;:&quot;View&quot;,&quot;wcf-animation&quot;:&quot;none&quot;}\">\n\t\t\t\t<div class=\"elementor-element elementor-element-2ea0dc3 elementor-widget elementor-widget-image\" data-id=\"2ea0dc3\" data-element_type=\"widget\" data-settings=\"{&quot;wcf-image-animation&quot;:&quot;none&quot;,&quot;wcf-animation&quot;:&quot;none&quot;}\" data-widget_type=\"image.default\">\n\t\t\t\t<div class=\"elementor-widget-container\">\n\t\t\t\t\t\t\t\t\t\t\t\t\t\t\t<img loading=\"lazy\" decoding=\"async\" width=\"1010\" height=\"1033\" src=\"https:\/\/www.mahloran.ae\/wp-content\/uploads\/2025\/10\/history-4.webp\" class=\"attachment-full size-full wp-image-7267\" alt=\"\" srcset=\"https:\/\/www.mahloran.ae\/wp-content\/uploads\/2025\/10\/history-4.webp 1010w, https:\/\/www.mahloran.ae\/wp-content\/uploads\/2025\/10\/history-4-293x300.webp 293w, https:\/\/www.mahloran.ae\/wp-content\/uploads\/2025\/10\/history-4-1001x1024.webp 1001w, https:\/\/www.mahloran.ae\/wp-content\/uploads\/2025\/10\/history-4-768x785.webp 768w\" sizes=\"(max-width: 1010px) 100vw, 1010px\" \/>\t\t\t\t\t\t\t\t\t\t\t\t\t\t\t<\/div>\n\t\t\t\t<\/div>\n\t\t\t\t<\/div>\n\t\t<div class=\"elementor-element elementor-element-a846779 e-con-full e-flex e-con e-child\" data-id=\"a846779\" data-element_type=\"container\" data-settings=\"{&quot;wcf_enable_cursor_hover_effect_text&quot;:&quot;View&quot;,&quot;wcf-animation&quot;:&quot;none&quot;}\">\n\t\t\t\t<div class=\"elementor-element elementor-element-b6ee4aa elementor-widget elementor-widget-image\" data-id=\"b6ee4aa\" data-element_type=\"widget\" data-settings=\"{&quot;wcf-image-animation&quot;:&quot;none&quot;,&quot;wcf-animation&quot;:&quot;none&quot;}\" data-widget_type=\"image.default\">\n\t\t\t\t<div class=\"elementor-widget-container\">\n\t\t\t\t\t\t\t\t\t\t\t\t\t\t\t<img loading=\"lazy\" decoding=\"async\" width=\"472\" height=\"472\" src=\"https:\/\/www.mahloran.ae\/wp-content\/uploads\/2025\/10\/history-6.webp\" class=\"attachment-full size-full wp-image-7269\" alt=\"\" srcset=\"https:\/\/www.mahloran.ae\/wp-content\/uploads\/2025\/10\/history-6.webp 472w, https:\/\/www.mahloran.ae\/wp-content\/uploads\/2025\/10\/history-6-300x300.webp 300w, https:\/\/www.mahloran.ae\/wp-content\/uploads\/2025\/10\/history-6-150x150.webp 150w\" sizes=\"(max-width: 472px) 100vw, 472px\" \/>\t\t\t\t\t\t\t\t\t\t\t\t\t\t\t<\/div>\n\t\t\t\t<\/div>\n\t\t\t\t<\/div>\n\t\t<div class=\"elementor-element elementor-element-18749de e-con-full e-flex e-con e-child\" data-id=\"18749de\" data-element_type=\"container\" data-settings=\"{&quot;wcf_enable_cursor_hover_effect_text&quot;:&quot;View&quot;,&quot;wcf-animation&quot;:&quot;none&quot;}\">\n\t\t\t\t<div class=\"elementor-element elementor-element-2fa4d0d elementor-widget elementor-widget-image\" data-id=\"2fa4d0d\" data-element_type=\"widget\" data-settings=\"{&quot;wcf-image-animation&quot;:&quot;none&quot;,&quot;wcf-animation&quot;:&quot;none&quot;}\" data-widget_type=\"image.default\">\n\t\t\t\t<div class=\"elementor-widget-container\">\n\t\t\t\t\t\t\t\t\t\t\t\t\t\t\t<img loading=\"lazy\" decoding=\"async\" width=\"1074\" height=\"1080\" src=\"https:\/\/www.mahloran.ae\/wp-content\/uploads\/2025\/10\/history-5.webp\" class=\"attachment-full size-full wp-image-7268\" alt=\"\" srcset=\"https:\/\/www.mahloran.ae\/wp-content\/uploads\/2025\/10\/history-5.webp 1074w, https:\/\/www.mahloran.ae\/wp-content\/uploads\/2025\/10\/history-5-298x300.webp 298w, https:\/\/www.mahloran.ae\/wp-content\/uploads\/2025\/10\/history-5-1018x1024.webp 1018w, https:\/\/www.mahloran.ae\/wp-content\/uploads\/2025\/10\/history-5-150x150.webp 150w, https:\/\/www.mahloran.ae\/wp-content\/uploads\/2025\/10\/history-5-768x772.webp 768w\" sizes=\"(max-width: 1074px) 100vw, 1074px\" \/>\t\t\t\t\t\t\t\t\t\t\t\t\t\t\t<\/div>\n\t\t\t\t<\/div>\n\t\t\t\t<\/div>\n\t\t\t\t<\/div>\n\t\t\t\t<\/div>\n\t\t\t\t\t<\/div>\n\t\t\t\t<\/div>\n\t\t\t\t<\/div>\n\t\t","protected":false},"excerpt":{"rendered":"<p>Ce qui a fa\u00e7onn\u00e9 l&rsquo;h\u00e9ritage Mahloran Notre h\u00e9ritage Depuis plus de 104 ans, Mahloran r\u00e9unit expertise, innovation et service de confiance en un seul lieu et sous une m\u00eame banni\u00e8re. L\u2019histoire de Mahloran remonte \u00e0 1881, lorsque l\u2019entreprise devint le plus grand fabricant de bougies d\u2019Iran, distribuant ses produits sous la marque \u00abShamaei\u00bb jusqu\u2019en 1906. [&hellip;]<\/p>\n","protected":false},"author":1,"featured_media":0,"parent":0,"menu_order":0,"comment_status":"closed","ping_status":"closed","template":"elementor_header_footer","meta":{"footnotes":""},"class_list":["post-9046","page","type-page","status-publish","hentry"],"_links":{"self":[{"href":"https:\/\/www.mahloran.ae\/fr\/wp-json\/wp\/v2\/pages\/9046","targetHints":{"allow":["GET"]}}],"collection":[{"href":"https:\/\/www.mahloran.ae\/fr\/wp-json\/wp\/v2\/pages"}],"about":[{"href":"https:\/\/www.mahloran.ae\/fr\/wp-json\/wp\/v2\/types\/page"}],"author":[{"embeddable":true,"href":"https:\/\/www.mahloran.ae\/fr\/wp-json\/wp\/v2\/users\/1"}],"replies":[{"embeddable":true,"href":"https:\/\/www.mahloran.ae\/fr\/wp-json\/wp\/v2\/comments?post=9046"}],"version-history":[{"count":18,"href":"https:\/\/www.mahloran.ae\/fr\/wp-json\/wp\/v2\/pages\/9046\/revisions"}],"predecessor-version":[{"id":10626,"href":"https:\/\/www.mahloran.ae\/fr\/wp-json\/wp\/v2\/pages\/9046\/revisions\/10626"}],"wp:attachment":[{"href":"https:\/\/www.mahloran.ae\/fr\/wp-json\/wp\/v2\/media?parent=9046"}],"curies":[{"name":"wp","href":"https:\/\/api.w.org\/{rel}","templated":true}]}}